{"id":8,"date":"2016-02-27T17:16:21","date_gmt":"2016-02-27T16:16:21","guid":{"rendered":"http:\/\/localhost\/wordpress\/?page_id=8"},"modified":"2026-03-25T22:32:59","modified_gmt":"2026-03-25T21:32:59","slug":"home","status":"publish","type":"page","link":"https:\/\/www.tabactrennt.de\/webseite\/","title":{"rendered":"Startseite"},"content":{"rendered":"\n<h4 class=\"has-text-align-center has-normal-font-size\">Herzlich willkommen auf der Webseite der Firma Th. Trennt<\/h4>\n\n\n\n<div class=\"wp-block-image is-style-editorskit-shadow is-style-default\"><figure class=\"aligncenter size-large\"><img loading=\"lazy\" width=\"1024\" height=\"760\" src=\"https:\/\/www.tabactrennt.de\/webseite\/wp-content\/uploads\/tabactrennt_Aussenansicht.jpg\" alt=\"\" class=\"wp-image-1854\" srcset=\"https:\/\/www.tabactrennt.de\/webseite\/wp-content\/uploads\/tabactrennt_Aussenansicht.jpg 1024w, https:\/\/www.tabactrennt.de\/webseite\/wp-content\/uploads\/tabactrennt_Aussenansicht-300x223.jpg 300w\" sizes=\"(max-width: 1024px) 100vw, 1024px\" \/><\/figure><\/div>\n\n\n\n<hr class=\"wp-block-separator is-style-wide\"\/>\n\n\n\n<p class=\"has-text-align-center\"><strong>Am Samstag, dem 2. Mai 2026<\/strong> <strong>ist das Gesch\u00e4ft geschlossen.<br>Wir bitten um Ihr Verst\u00e4ndnis<\/strong>.<\/p>\n\n\n\n<hr class=\"wp-block-separator is-style-default\"\/>\n\n\n\n<p class=\"has-text-align-center\"><strong>Parkm\u00f6glichkeiten am Stra\u00dfenrand direkt vor dem Gesch\u00e4ft.<\/strong><\/p>\n\n\n\n<p class=\"has-text-align-center\"> <strong>Wir f\u00fchren nach wie vor die gr\u00f6\u00dfte Auswahl an Cigarren aus Kuba in Norddeutschland.<\/strong> <strong>Au\u00dferdem aus der Dominikanischen Republik, Honduras und Nicaragua<\/strong> <strong>sowie aus deutscher Produktion.<\/strong><\/p>\n\n\n\n<p class=\"has-text-align-center\"><a href=\"https:\/\/www.tabactrennt.de\/webseite\/lieferservice-delivery-service\/\" data-type=\"URL\" data-id=\"https:\/\/www.tabactrennt.de\/webseite\/lieferservice-delivery-service\/\"><strong>Wir bieten einen s<strong>peziellen Lieferservice f\u00fcr den Kieler Hafe<\/strong>n \/<\/strong><br><strong>We offer a special delivery service to Kiel Harbor<\/strong><\/a><\/p>\n\n\n\n<hr class=\"wp-block-separator is-style-default\"\/>\n\n\n\n<p class=\"has-text-align-center\">Osterberg 4, 24113 Molfsee \/ Kiel<br>Telefon 0431 95890<\/p>\n\n\n\n<p class=\"has-text-align-center\"><strong>\u00d6ffnungszeiten<\/strong><br>Montag geschlossen<br>Dienstag &#8211; Freitag 11:00 &#8211; 18:00 Uhr<br>Samstag 11:00 &#8211; 13:00 Uhr<\/p>\n","protected":false},"excerpt":{"rendered":"<p>Herzlich willkommen auf der Webseite der Firma Th. Trennt Am Samstag, dem 2. Mai 2026 ist das Gesch\u00e4ft geschlossen.Wir bitten um Ihr Verst\u00e4ndnis. Parkm\u00f6glichkeiten am Stra\u00dfenrand direkt vor dem Gesch\u00e4ft. Wir f\u00fchren nach wie vor die gr\u00f6\u00dfte Auswahl an Cigarren aus Kuba in Norddeutschland. Au\u00dferdem aus der Dominikanischen Republik, Honduras und Nicaragua sowie aus deutscher &hellip; <a href=\"https:\/\/www.tabactrennt.de\/webseite\/\" class=\"more-link\"><span class=\"screen-reader-text\">Startseite<\/span> weiterlesen<\/a><\/p>\n","protected":false},"author":1,"featured_media":0,"parent":0,"menu_order":0,"comment_status":"closed","ping_status":"closed","template":"","meta":[],"_links":{"self":[{"href":"https:\/\/www.tabactrennt.de\/webseite\/wp-json\/wp\/v2\/pages\/8"}],"collection":[{"href":"https:\/\/www.tabactrennt.de\/webseite\/wp-json\/wp\/v2\/pages"}],"about":[{"href":"https:\/\/www.tabactrennt.de\/webseite\/wp-json\/wp\/v2\/types\/page"}],"author":[{"embeddable":true,"href":"https:\/\/www.tabactrennt.de\/webseite\/wp-json\/wp\/v2\/users\/1"}],"replies":[{"embeddable":true,"href":"https:\/\/www.tabactrennt.de\/webseite\/wp-json\/wp\/v2\/comments?post=8"}],"version-history":[{"count":196,"href":"https:\/\/www.tabactrennt.de\/webseite\/wp-json\/wp\/v2\/pages\/8\/revisions"}],"predecessor-version":[{"id":2090,"href":"https:\/\/www.tabactrennt.de\/webseite\/wp-json\/wp\/v2\/pages\/8\/revisions\/2090"}],"wp:attachment":[{"href":"https:\/\/www.tabactrennt.de\/webseite\/wp-json\/wp\/v2\/media?parent=8"}],"curies":[{"name":"wp","href":"https:\/\/api.w.org\/{rel}","templated":true}]}}