{"id":66,"date":"2016-02-28T16:35:58","date_gmt":"2016-02-28T15:35:58","guid":{"rendered":"http:\/\/localhost\/wordpress\/?page_id=66"},"modified":"2023-12-27T17:23:19","modified_gmt":"2023-12-27T16:23:19","slug":"bestellkarten","status":"publish","type":"page","link":"https:\/\/www.tabactrennt.de\/webseite\/bestellkarten\/","title":{"rendered":"Bestellunterlagen"},"content":{"rendered":"\n<h3 class=\"has-text-align-center\">Bestellunterlagen und Waren\u00fcbersicht anfordern<\/h3>\n\n\n\n<p class=\"has-text-align-center\">Gern \u00fcbersenden wir Ihnen unsere vollst\u00e4ndigen Informations- und Bestellunterlagen per E-Mail.<\/p>\n\n\n\n<p class=\"has-text-align-center\">Klicken Sie hier<strong>: <a href=\"mailto:th.trennt@t-online.de?subject=Bestellkarten%20und%20Waren\u00fcbersicht%20anfordern\">E-Mail<\/a><\/strong><\/p>\n\n\n\n<p class=\"has-text-align-center\">Bei Fragen oder direkten Bestellw\u00fcnschen finden Sie unsere Kontaktinformationen <a href=\"https:\/\/www.tabactrennt.de\/webseite\/kontakt\/\"><strong>hier<\/strong><\/a>.<\/p>\n","protected":false},"excerpt":{"rendered":"<p>Bestellunterlagen und Waren\u00fcbersicht anfordern Gern \u00fcbersenden wir Ihnen unsere vollst\u00e4ndigen Informations- und Bestellunterlagen per E-Mail. Klicken Sie hier: E-Mail Bei Fragen oder direkten Bestellw\u00fcnschen finden Sie unsere Kontaktinformationen hier.<\/p>\n","protected":false},"author":1,"featured_media":0,"parent":0,"menu_order":0,"comment_status":"closed","ping_status":"closed","template":"","meta":[],"_links":{"self":[{"href":"https:\/\/www.tabactrennt.de\/webseite\/wp-json\/wp\/v2\/pages\/66"}],"collection":[{"href":"https:\/\/www.tabactrennt.de\/webseite\/wp-json\/wp\/v2\/pages"}],"about":[{"href":"https:\/\/www.tabactrennt.de\/webseite\/wp-json\/wp\/v2\/types\/page"}],"author":[{"embeddable":true,"href":"https:\/\/www.tabactrennt.de\/webseite\/wp-json\/wp\/v2\/users\/1"}],"replies":[{"embeddable":true,"href":"https:\/\/www.tabactrennt.de\/webseite\/wp-json\/wp\/v2\/comments?post=66"}],"version-history":[{"count":15,"href":"https:\/\/www.tabactrennt.de\/webseite\/wp-json\/wp\/v2\/pages\/66\/revisions"}],"predecessor-version":[{"id":1885,"href":"https:\/\/www.tabactrennt.de\/webseite\/wp-json\/wp\/v2\/pages\/66\/revisions\/1885"}],"wp:attachment":[{"href":"https:\/\/www.tabactrennt.de\/webseite\/wp-json\/wp\/v2\/media?parent=66"}],"curies":[{"name":"wp","href":"https:\/\/api.w.org\/{rel}","templated":true}]}}