{"id":233,"date":"2016-03-05T17:18:09","date_gmt":"2016-03-05T16:18:09","guid":{"rendered":"http:\/\/localhost\/wordpress\/?page_id=233"},"modified":"2022-03-01T02:19:50","modified_gmt":"2022-03-01T01:19:50","slug":"joao-boeis","status":"publish","type":"page","link":"https:\/\/www.tabactrennt.de\/webseite\/warenangebot\/pfeifen\/joao-boeis\/","title":{"rendered":"Jo\u00e3o Boeis"},"content":{"rendered":"\n<h3 class=\"has-text-align-center\">Jo\u00e3o Boeis, Portugal<\/h3>\n\n\n\n<p class=\"has-text-align-center\">Handmade in Denmark<br><br>Mundst\u00fcck aus Plexiglas<\/p>\n\n\n\n<div class=\"wp-block-columns\">\n<div class=\"wp-block-column\" style=\"flex-basis:25%\"><\/div>\n\n\n\n<div class=\"wp-block-column\" style=\"flex-basis:50%\">\n<div class=\"wp-block-image hvr-grow img-border\"><figure class=\"aligncenter size-medium\"><a href=\"https:\/\/www.tabactrennt.de\/webseite\/wp-content\/uploads\/joao_boeis.jpg\"><img loading=\"lazy\" width=\"300\" height=\"150\" src=\"https:\/\/www.tabactrennt.de\/webseite\/wp-content\/uploads\/joao_boeis-300x150.jpg\" alt=\"\" class=\"wp-image-529\" srcset=\"https:\/\/www.tabactrennt.de\/webseite\/wp-content\/uploads\/joao_boeis-300x150.jpg 300w, https:\/\/www.tabactrennt.de\/webseite\/wp-content\/uploads\/joao_boeis.jpg 1024w\" sizes=\"(max-width: 300px) 100vw, 300px\" \/><\/a><\/figure><\/div>\n<\/div>\n\n\n\n<div class=\"wp-block-column\" style=\"flex-basis:25%\"><\/div>\n<\/div>\n\n\n\n<p class=\"has-text-align-center\">L\u00e4nge: 18 cm<br>Kopfh\u00f6he: 7 cm<br>Gr\u00f6\u00dfter Kopfdurchmesser: ca. 6 cm<br><br>Ohne Filterbohrung&#8216;<br><br>\u20ac 420.-<\/p>\n\n\n\n<p class=\"has-text-align-center\"><div class=\"alignleft\"><a href=\"https:\/\/www.tabactrennt.de\/webseite\/warenangebot\/pfeifen\/\" title=\"Pfeifen\">Zur\u00fcck Pfeifen<\/a><\/div><div class=\"alignright\"><a href=\"https:\/\/www.tabactrennt.de\/webseite\/warenangebot\/pfeifen\/jorgen-nielsen\/\" title=\"J\u00f8rgen Nielsen\">Weiter J\u00f8rgen Nielsen<\/a><\/div><\/p>\n","protected":false},"excerpt":{"rendered":"<p>Jo\u00e3o Boeis, Portugal Handmade in Denmark Mundst\u00fcck aus Plexiglas L\u00e4nge: 18 cmKopfh\u00f6he: 7 cmGr\u00f6\u00dfter Kopfdurchmesser: ca. 6 cm Ohne Filterbohrung&#8216; \u20ac 420.-<\/p>\n","protected":false},"author":1,"featured_media":0,"parent":206,"menu_order":50,"comment_status":"closed","ping_status":"closed","template":"","meta":[],"_links":{"self":[{"href":"https:\/\/www.tabactrennt.de\/webseite\/wp-json\/wp\/v2\/pages\/233"}],"collection":[{"href":"https:\/\/www.tabactrennt.de\/webseite\/wp-json\/wp\/v2\/pages"}],"about":[{"href":"https:\/\/www.tabactrennt.de\/webseite\/wp-json\/wp\/v2\/types\/page"}],"author":[{"embeddable":true,"href":"https:\/\/www.tabactrennt.de\/webseite\/wp-json\/wp\/v2\/users\/1"}],"replies":[{"embeddable":true,"href":"https:\/\/www.tabactrennt.de\/webseite\/wp-json\/wp\/v2\/comments?post=233"}],"version-history":[{"count":10,"href":"https:\/\/www.tabactrennt.de\/webseite\/wp-json\/wp\/v2\/pages\/233\/revisions"}],"predecessor-version":[{"id":1689,"href":"https:\/\/www.tabactrennt.de\/webseite\/wp-json\/wp\/v2\/pages\/233\/revisions\/1689"}],"up":[{"embeddable":true,"href":"https:\/\/www.tabactrennt.de\/webseite\/wp-json\/wp\/v2\/pages\/206"}],"wp:attachment":[{"href":"https:\/\/www.tabactrennt.de\/webseite\/wp-json\/wp\/v2\/media?parent=233"}],"curies":[{"name":"wp","href":"https:\/\/api.w.org\/{rel}","templated":true}]}}