{"id":1983,"date":"2025-04-23T20:13:44","date_gmt":"2025-04-23T18:13:44","guid":{"rendered":"https:\/\/www.tabactrennt.de\/webseite\/?page_id=1983"},"modified":"2025-04-23T20:43:42","modified_gmt":"2025-04-23T18:43:42","slug":"jewel-d","status":"publish","type":"page","link":"https:\/\/www.tabactrennt.de\/webseite\/warenangebot\/pfeifen\/kai-nielsen\/ohne-filter\/jewel-d\/","title":{"rendered":"Jewel D"},"content":{"rendered":"\n<h3 class=\"has-text-align-center\"><strong>Kai Nielsen<\/strong><\/h3>\n\n\n\n<p class=\"has-text-align-center\">Jewel D<\/p>\n\n\n\n<div class=\"wp-block-columns\">\n<div class=\"wp-block-column\" style=\"flex-basis:25%\"><\/div>\n\n\n\n<div class=\"wp-block-column\" style=\"flex-basis:50%\">\n<figure class=\"wp-block-image size-large hvr-grow img-border\"><a href=\"https:\/\/www.tabactrennt.de\/webseite\/wp-content\/uploads\/KN_Jewel_D_01.jpg\"><img loading=\"lazy\" width=\"1024\" height=\"483\" src=\"https:\/\/www.tabactrennt.de\/webseite\/wp-content\/uploads\/KN_Jewel_D_01.jpg\" alt=\"\" class=\"wp-image-1984\" srcset=\"https:\/\/www.tabactrennt.de\/webseite\/wp-content\/uploads\/KN_Jewel_D_01.jpg 1024w, https:\/\/www.tabactrennt.de\/webseite\/wp-content\/uploads\/KN_Jewel_D_01-300x142.jpg 300w\" sizes=\"(max-width: 1024px) 100vw, 1024px\" \/><\/a><\/figure>\n<\/div>\n\n\n\n<div class=\"wp-block-column\" style=\"flex-basis:25%\"><\/div>\n<\/div>\n\n\n\n<div class=\"wp-block-columns\">\n<div class=\"wp-block-column\" style=\"flex-basis:25%\"><\/div>\n\n\n\n<div class=\"wp-block-column\" style=\"flex-basis:50%\">\n<figure class=\"wp-block-image size-large hvr-grow img-border\"><a href=\"https:\/\/www.tabactrennt.de\/webseite\/wp-content\/uploads\/KN_Jewel_D_02.jpg\"><img loading=\"lazy\" width=\"1024\" height=\"472\" src=\"https:\/\/www.tabactrennt.de\/webseite\/wp-content\/uploads\/KN_Jewel_D_02.jpg\" alt=\"\" class=\"wp-image-1985\" srcset=\"https:\/\/www.tabactrennt.de\/webseite\/wp-content\/uploads\/KN_Jewel_D_02.jpg 1024w, https:\/\/www.tabactrennt.de\/webseite\/wp-content\/uploads\/KN_Jewel_D_02-300x138.jpg 300w\" sizes=\"(max-width: 1024px) 100vw, 1024px\" \/><\/a><\/figure>\n<\/div>\n\n\n\n<div class=\"wp-block-column\" style=\"flex-basis:25%\"><\/div>\n<\/div>\n\n\n\n<div class=\"wp-block-columns\">\n<div class=\"wp-block-column\" style=\"flex-basis:25%\"><\/div>\n\n\n\n<div class=\"wp-block-column\" style=\"flex-basis:50%\">\n<figure class=\"wp-block-image size-large hvr-grow img-border\"><a href=\"https:\/\/www.tabactrennt.de\/webseite\/wp-content\/uploads\/KN_Jewel_D_03.jpg\"><img loading=\"lazy\" width=\"1024\" height=\"426\" src=\"https:\/\/www.tabactrennt.de\/webseite\/wp-content\/uploads\/KN_Jewel_D_03.jpg\" alt=\"\" class=\"wp-image-1986\" srcset=\"https:\/\/www.tabactrennt.de\/webseite\/wp-content\/uploads\/KN_Jewel_D_03.jpg 1024w, https:\/\/www.tabactrennt.de\/webseite\/wp-content\/uploads\/KN_Jewel_D_03-300x125.jpg 300w\" sizes=\"(max-width: 1024px) 100vw, 1024px\" \/><\/a><\/figure>\n<\/div>\n\n\n\n<div class=\"wp-block-column\" style=\"flex-basis:25%\"><\/div>\n<\/div>\n\n\n\n<p class=\"has-text-align-center\">L\u00e4nge: 12 cm<br>Kopfh\u00f6he: 4,3 cm<br>gr\u00f6\u00dfter Kopfduchmesser: 3,7 cm<br><br>Ohne Filterbohrung<br><br>\u20ac 450.-<\/p>\n\n\n\n<p class=\"has-text-align-center\"><div class=\"alignleft\"><a href=\"https:\/\/www.tabactrennt.de\/webseite\/warenangebot\/pfeifen\/kai-nielsen\/ohne-filter\/c-cross-grain\/\" title=\"C cross grain\">Zur\u00fcck C cross grain<\/a><\/div><div class=\"alignright\"><a href=\"https:\/\/www.tabactrennt.de\/webseite\/warenangebot\/pfeifen\/kai-nielsen\/ohne-filter\/vvv\/\" title=\"VVV\">Weiter VVV<\/a><\/div><\/p>\n","protected":false},"excerpt":{"rendered":"<p>Kai Nielsen Jewel D L\u00e4nge: 12 cmKopfh\u00f6he: 4,3 cmgr\u00f6\u00dfter Kopfduchmesser: 3,7 cm Ohne Filterbohrung \u20ac 450.-<\/p>\n","protected":false},"author":1,"featured_media":0,"parent":276,"menu_order":1,"comment_status":"closed","ping_status":"closed","template":"","meta":[],"_links":{"self":[{"href":"https:\/\/www.tabactrennt.de\/webseite\/wp-json\/wp\/v2\/pages\/1983"}],"collection":[{"href":"https:\/\/www.tabactrennt.de\/webseite\/wp-json\/wp\/v2\/pages"}],"about":[{"href":"https:\/\/www.tabactrennt.de\/webseite\/wp-json\/wp\/v2\/types\/page"}],"author":[{"embeddable":true,"href":"https:\/\/www.tabactrennt.de\/webseite\/wp-json\/wp\/v2\/users\/1"}],"replies":[{"embeddable":true,"href":"https:\/\/www.tabactrennt.de\/webseite\/wp-json\/wp\/v2\/comments?post=1983"}],"version-history":[{"count":1,"href":"https:\/\/www.tabactrennt.de\/webseite\/wp-json\/wp\/v2\/pages\/1983\/revisions"}],"predecessor-version":[{"id":1987,"href":"https:\/\/www.tabactrennt.de\/webseite\/wp-json\/wp\/v2\/pages\/1983\/revisions\/1987"}],"up":[{"embeddable":true,"href":"https:\/\/www.tabactrennt.de\/webseite\/wp-json\/wp\/v2\/pages\/276"}],"wp:attachment":[{"href":"https:\/\/www.tabactrennt.de\/webseite\/wp-json\/wp\/v2\/media?parent=1983"}],"curies":[{"name":"wp","href":"https:\/\/api.w.org\/{rel}","templated":true}]}}