{"id":1596,"date":"2022-03-01T00:36:57","date_gmt":"2022-02-28T23:36:57","guid":{"rendered":"https:\/\/www.tabactrennt.de\/webseite\/?page_id=1596"},"modified":"2025-04-23T20:28:38","modified_gmt":"2025-04-23T18:28:38","slug":"c-cross-grain","status":"publish","type":"page","link":"https:\/\/www.tabactrennt.de\/webseite\/warenangebot\/pfeifen\/kai-nielsen\/ohne-filter\/c-cross-grain\/","title":{"rendered":"C cross grain"},"content":{"rendered":"\n<h3 class=\"has-text-align-center\"><strong>Kai Nielsen<\/strong><\/h3>\n\n\n\n<p class=\"has-text-align-center\">C Cross Grain<\/p>\n\n\n\n<div class=\"wp-block-columns\">\n<div class=\"wp-block-column\" style=\"flex-basis:25%\"><\/div>\n\n\n\n<div class=\"wp-block-column\" style=\"flex-basis:50%\">\n<figure class=\"wp-block-image size-large hvr-grow img-border\"><a href=\"https:\/\/www.tabactrennt.de\/webseite\/wp-content\/uploads\/KN_C-Cross-Grain_01.jpg\"><img loading=\"lazy\" width=\"1024\" height=\"485\" src=\"https:\/\/www.tabactrennt.de\/webseite\/wp-content\/uploads\/KN_C-Cross-Grain_01.jpg\" alt=\"\" class=\"wp-image-1597\" srcset=\"https:\/\/www.tabactrennt.de\/webseite\/wp-content\/uploads\/KN_C-Cross-Grain_01.jpg 1024w, https:\/\/www.tabactrennt.de\/webseite\/wp-content\/uploads\/KN_C-Cross-Grain_01-300x142.jpg 300w\" sizes=\"(max-width: 1024px) 100vw, 1024px\" \/><\/a><\/figure>\n<\/div>\n\n\n\n<div class=\"wp-block-column\" style=\"flex-basis:25%\"><\/div>\n<\/div>\n\n\n\n<div class=\"wp-block-columns\">\n<div class=\"wp-block-column\" style=\"flex-basis:25%\"><\/div>\n\n\n\n<div class=\"wp-block-column\" style=\"flex-basis:50%\">\n<figure class=\"wp-block-image size-large hvr-grow img-border\"><a href=\"https:\/\/www.tabactrennt.de\/webseite\/wp-content\/uploads\/KN_C-Cross-Grain_02.jpg\"><img loading=\"lazy\" width=\"1024\" height=\"495\" src=\"https:\/\/www.tabactrennt.de\/webseite\/wp-content\/uploads\/KN_C-Cross-Grain_02.jpg\" alt=\"\" class=\"wp-image-1598\" srcset=\"https:\/\/www.tabactrennt.de\/webseite\/wp-content\/uploads\/KN_C-Cross-Grain_02.jpg 1024w, https:\/\/www.tabactrennt.de\/webseite\/wp-content\/uploads\/KN_C-Cross-Grain_02-300x145.jpg 300w\" sizes=\"(max-width: 1024px) 100vw, 1024px\" \/><\/a><\/figure>\n<\/div>\n\n\n\n<div class=\"wp-block-column\" style=\"flex-basis:25%\"><\/div>\n<\/div>\n\n\n\n<p class=\"has-text-align-center\">L\u00e4nge: 13 cm<br>Kopfh\u00f6he: 4,1 cm<br>gr\u00f6\u00dfter Kopfduchmesser: 3,6 cm<br><br>Ohne Filterbohrung<br><br>\u20ac 450.-<\/p>\n\n\n\n<p class=\"has-text-align-center\"><div class=\"alignleft\"><a href=\"https:\/\/www.tabactrennt.de\/webseite\/warenangebot\/pfeifen\/kai-nielsen\/ohne-filter\/\" title=\"ohne Filter\">Zur\u00fcck ohne Filter<\/a><\/div><div class=\"alignright\"><a href=\"https:\/\/www.tabactrennt.de\/webseite\/warenangebot\/pfeifen\/kai-nielsen\/ohne-filter\/jewel-d\/\" title=\"Jewel D\">Weiter Jewel D<\/a><\/div><\/p>\n","protected":false},"excerpt":{"rendered":"<p>Kai Nielsen C Cross Grain L\u00e4nge: 13 cmKopfh\u00f6he: 4,1 cmgr\u00f6\u00dfter Kopfduchmesser: 3,6 cm Ohne Filterbohrung \u20ac 450.-<\/p>\n","protected":false},"author":1,"featured_media":0,"parent":276,"menu_order":0,"comment_status":"closed","ping_status":"closed","template":"","meta":[],"_links":{"self":[{"href":"https:\/\/www.tabactrennt.de\/webseite\/wp-json\/wp\/v2\/pages\/1596"}],"collection":[{"href":"https:\/\/www.tabactrennt.de\/webseite\/wp-json\/wp\/v2\/pages"}],"about":[{"href":"https:\/\/www.tabactrennt.de\/webseite\/wp-json\/wp\/v2\/types\/page"}],"author":[{"embeddable":true,"href":"https:\/\/www.tabactrennt.de\/webseite\/wp-json\/wp\/v2\/users\/1"}],"replies":[{"embeddable":true,"href":"https:\/\/www.tabactrennt.de\/webseite\/wp-json\/wp\/v2\/comments?post=1596"}],"version-history":[{"count":2,"href":"https:\/\/www.tabactrennt.de\/webseite\/wp-json\/wp\/v2\/pages\/1596\/revisions"}],"predecessor-version":[{"id":2005,"href":"https:\/\/www.tabactrennt.de\/webseite\/wp-json\/wp\/v2\/pages\/1596\/revisions\/2005"}],"up":[{"embeddable":true,"href":"https:\/\/www.tabactrennt.de\/webseite\/wp-json\/wp\/v2\/pages\/276"}],"wp:attachment":[{"href":"https:\/\/www.tabactrennt.de\/webseite\/wp-json\/wp\/v2\/media?parent=1596"}],"curies":[{"name":"wp","href":"https:\/\/api.w.org\/{rel}","templated":true}]}}