{"id":12,"date":"2016-02-27T17:17:09","date_gmt":"2016-02-27T16:17:09","guid":{"rendered":"http:\/\/localhost\/wordpress\/?page_id=12"},"modified":"2022-12-24T19:05:55","modified_gmt":"2022-12-24T18:05:55","slug":"warenangebot","status":"publish","type":"page","link":"https:\/\/www.tabactrennt.de\/webseite\/warenangebot\/","title":{"rendered":"Warenangebot"},"content":{"rendered":"\n<p class=\"has-text-align-center\"><strong>PFEIFEN<\/strong><\/p>\n\n\n\n<p class=\"has-text-align-center\">Einen kleinen Auszug aus unserem Pfeifensortiment zeigen wir Ihnen <a href=\"https:\/\/www.tabactrennt.de\/webseite\/warenangebot\/pfeifen\/\"><strong>hier<\/strong><\/a>.<\/p>\n\n\n\n<hr class=\"wp-block-separator has-text-color has-background has-dark-gray-background-color has-dark-gray-color is-style-wide\"\/>\n\n\n\n<p class=\"has-text-align-center\"><strong>CIGARREN und PFEIFENTABAKE<br><\/strong><\/p>\n\n\n\n<p class=\"has-text-align-center\">Bei uns k\u00f6nnen Sie aus einer riesigen Auswahl an Cigarren und Pfeifentabaken w\u00e4hlen. Sie m\u00f6chten einen \u00dcberblick erhalten, welche Premium-Waren wir in unserem Sortiment anbieten? Dann klicken Sie <strong><a href=\"https:\/\/www.tabactrennt.de\/webseite\/bestellkarten\/\">hier<\/a><\/strong> und wir \u00fcbersenden Ihnen gern eine Auflistung aller ab unserem Lager lieferbaren Waren.<\/p>\n\n\n\n<hr class=\"wp-block-separator has-text-color has-background has-dark-gray-background-color has-dark-gray-color is-style-wide\"\/>\n\n\n\n<p class=\"has-text-align-center\"><strong>REPARATUREN<\/strong><\/p>\n\n\n\n<p class=\"has-text-align-center\">Wir f\u00fchren Pfeifenreparaturen in unserer eigenen Werkstatt durch.<br>Alle Angebote und Preise finden Sie<strong> <a href=\"https:\/\/www.tabactrennt.de\/webseite\/warenangebot\/pfeifenreparaturen-in-eigener-werkstatt\/\">hier<\/a><\/strong>.<\/p>\n\n\n\n<hr class=\"wp-block-separator has-text-color has-background has-dark-gray-background-color has-dark-gray-color is-style-wide\"\/>\n\n\n\n<p class=\"has-text-align-center\"><strong>ZUBEH\u00d6R<\/strong><\/p>\n\n\n\n<p class=\"has-text-align-center\">Neben unserem vielf\u00e4ltigen Angebot an Tabakwaren bieten wir Ihnen auch eine gro\u00dfe Auswahl an Zubeh\u00f6r. Dazu z\u00e4hlen:<\/p>\n\n\n\n<p class=\"has-text-align-center\"><a href=\"https:\/\/www.tabactrennt.de\/webseite\/warenangebot\/pfeifenraucher-zubehoer\/\"><strong><strong>F\u00fcr jeden Pfeifenraucher unverzichtbares Zubeh\u00f6r<\/strong><\/strong><\/a><\/p>\n\n\n\n<p class=\"has-text-align-center\"><a href=\"https:\/\/www.tabactrennt.de\/webseite\/warenangebot\/pfeifentaschen\/\"><strong><strong>Pfeifentaschen<\/strong><\/strong><\/a><\/p>\n\n\n\n<p class=\"has-text-align-center\"><a href=\"https:\/\/www.tabactrennt.de\/webseite\/warenangebot\/sonstiges-zubehoer\/\"><strong><strong>Sonstiges Zubeh\u00f6r<\/strong><\/strong><\/a><\/p>\n\n\n\n<p class=\"has-text-align-center\">Zudem verkaufen wir Ihnen ausgew\u00e4hlte Fachliteratur f\u00fcr Raucher.<br>Eine Auswahl finden Sie <a href=\"https:\/\/www.tabactrennt.de\/webseite\/warenangebot\/buecher\/\"><strong>hier<\/strong><\/a>.<\/p>\n\n\n\n<hr class=\"wp-block-separator has-text-color has-background has-dark-gray-background-color has-dark-gray-color is-style-wide\"\/>\n\n\n\n<p class=\"has-text-align-center\"><strong>BESTELLUNGEN<\/strong><\/p>\n\n\n\n<p class=\"has-text-align-center\">Telefon: 0431 \/ 9 58 90<br>Mobil: 0171 \/ 210 88 79<br>Telefax: 0431 \/ 9 58 93<\/p>\n\n\n\n<p class=\"has-text-align-center\">eMail: <a href=\"mailto:th.trennt@t-online.de\">th.trennt@t-online.de<\/a><\/p>\n\n\n\n<p class=\"has-text-align-center\">Die Versandkostenpauschale betr\u00e4gt \u20ac 6,90.<br>Ab einen Warenwert von \u20ac 70,00 ist der Versand kostenfrei.<br><br>Der Versand unserer Waren erfolgt gem\u00e4\u00df \u00a7 447 BGB auf Gefahr des Bestellers.<\/p>\n","protected":false},"excerpt":{"rendered":"<p>PFEIFEN Einen kleinen Auszug aus unserem Pfeifensortiment zeigen wir Ihnen hier. CIGARREN und PFEIFENTABAKE Bei uns k\u00f6nnen Sie aus einer riesigen Auswahl an Cigarren und Pfeifentabaken w\u00e4hlen. Sie m\u00f6chten einen \u00dcberblick erhalten, welche Premium-Waren wir in unserem Sortiment anbieten? Dann klicken Sie hier und wir \u00fcbersenden Ihnen gern eine Auflistung aller ab unserem Lager lieferbaren &hellip; <a href=\"https:\/\/www.tabactrennt.de\/webseite\/warenangebot\/\" class=\"more-link\"><span class=\"screen-reader-text\">Warenangebot<\/span> weiterlesen<\/a><\/p>\n","protected":false},"author":1,"featured_media":0,"parent":0,"menu_order":0,"comment_status":"closed","ping_status":"closed","template":"","meta":[],"_links":{"self":[{"href":"https:\/\/www.tabactrennt.de\/webseite\/wp-json\/wp\/v2\/pages\/12"}],"collection":[{"href":"https:\/\/www.tabactrennt.de\/webseite\/wp-json\/wp\/v2\/pages"}],"about":[{"href":"https:\/\/www.tabactrennt.de\/webseite\/wp-json\/wp\/v2\/types\/page"}],"author":[{"embeddable":true,"href":"https:\/\/www.tabactrennt.de\/webseite\/wp-json\/wp\/v2\/users\/1"}],"replies":[{"embeddable":true,"href":"https:\/\/www.tabactrennt.de\/webseite\/wp-json\/wp\/v2\/comments?post=12"}],"version-history":[{"count":25,"href":"https:\/\/www.tabactrennt.de\/webseite\/wp-json\/wp\/v2\/pages\/12\/revisions"}],"predecessor-version":[{"id":1771,"href":"https:\/\/www.tabactrennt.de\/webseite\/wp-json\/wp\/v2\/pages\/12\/revisions\/1771"}],"wp:attachment":[{"href":"https:\/\/www.tabactrennt.de\/webseite\/wp-json\/wp\/v2\/media?parent=12"}],"curies":[{"name":"wp","href":"https:\/\/api.w.org\/{rel}","templated":true}]}}