{"id":1146,"date":"2018-05-17T23:08:19","date_gmt":"2018-05-17T21:08:19","guid":{"rendered":"https:\/\/www.tabactrennt.de\/webseite\/?page_id=1146"},"modified":"2023-09-03T22:47:39","modified_gmt":"2023-09-03T20:47:39","slug":"datenschutzerklaerung","status":"publish","type":"page","link":"https:\/\/www.tabactrennt.de\/webseite\/datenschutzerklaerung\/","title":{"rendered":"Datenschutzerkl\u00e4rung"},"content":{"rendered":"<p>Diese Datenschutzerkl\u00e4rung kl\u00e4rt Sie \u00fcber die Art, den Umfang und Zweck der Verarbeitung von personenbezogenen Daten (nachfolgend kurz \u201eDaten\u201c) innerhalb unseres Onlineangebotes und der mit diesen verbundenen Webseiten, Funktionen und Inhalten auf (nachfolgend gemeinsam bezeichnet als \u201eOnlineangebot\u201c). Im Hinblick auf die verwendeten Begrifflichkeiten, wie z.\u2009B. \u201eVerarbeitung\u201c oder \u201eVerantwortlicher\u201c, verweisen wir auf die Definitionen im Artikel 4 der Datenschutzgrundverordnung (DSGVO).<\/p>\n<h2>Verantwortlicher<\/h2>\n<p>Firma Th. Trennt<br \/>Osterberg 4<br \/>24113 Molfsee \/ Kiel<\/p>\n<p>eMail: <a href=\"mailto:th.trennt@t-online.de\">th.trennt@t-online.de<\/a><\/p>\n<p>Inhaber: Diplom-Kaufmann Jochen Gunnar Trennt e. K.<\/p>\n<h2>Arten der verarbeiteten Daten:<\/h2>\n<ul>\n<li style=\"text-align: left;\">Bestandsdaten (z.\u2009B. Namen, Adressen)<\/li>\n<li style=\"text-align: left;\">Kontaktdaten (z.\u2009B. E-Mail, Telefonnummern)<\/li>\n<li style=\"text-align: left;\">Inhaltsdaten (z.\u2009B. Texteingaben, Fotografien, Videos)<\/li>\n<li style=\"text-align: left;\">Nutzungsdaten (z.\u2009B. besuchte Webseiten, Interesse an Inhalten, Zugriffszeiten)<\/li>\n<li style=\"text-align: left;\">Meta- und Kommunikationsdaten (z.\u2009B. Ger\u00e4te-Informationen, IP-Adressen)<\/li>\n<\/ul>\n<h2>Zweck der Verarbeitung<\/h2>\n<ul>\n<li>Zurverf\u00fcgungstellung des Onlineangebotes, seiner Funktionen und Inhalte<\/li>\n<li>Beantwortung von Kontaktanfragen und Kommunikation mit Nutzern<\/li>\n<li>Auftragsabwicklung<\/li>\n<li>Umsetzung von Sicherheitsma\u00dfnahmen<\/li>\n<li>Reichweitenmessung<\/li>\n<\/ul>\n<h2>Verwendete Begrifflichkeiten<\/h2>\n<p>\u201e<strong>Personenbezogene Daten<\/strong>\u201c sind alle Informationen, die sich auf eine identifizierte oder identifizierbare nat\u00fcrliche Person (im Folgenden \u201ebetroffene Person\u201c) beziehen. Als identifizierbar wird eine nat\u00fcrliche Person angesehen, die direkt oder indirekt identifiziert werden kann \u2013 insbesondere mittels Zuordnung zu:<\/p>\n<ul>\n<li>einer Kennung (wie einem Namen)<\/li>\n<li>einer Kennnummer<\/li>\n<li>Standortdaten<\/li>\n<li>einer Online-Kennung (z.\u2009B. Cookie)<\/li>\n<li>einem oder mehreren besonderen Merkmalen<\/li>\n<\/ul>\n<p>Als \u201e<strong>Verarbeitung<\/strong>\u201c wird gem\u00e4\u00df Artikel 4 DSGVO jeder mit oder ohne Hilfe automatisierter Verfahren ausgef\u00fchrte Vorgang oder jede solche Vorgangsreihe im Zusammenhang mit personenbezogenen Daten verstanden. Der Begriff reicht weit und umfasst praktisch jeden Umgang mit Daten.<\/p>\n<p>Als \u201e<strong>Verantwortlicher<\/strong>\u201c wird die nat\u00fcrliche oder juristische Person bezeichnet, die allein oder gemeinsam mit anderen \u00fcber die Zwecke und Mittel der Verarbeitung von personenbezogenen Daten entscheidet.<\/p>\n<h2>Ma\u00dfgebliche Rechtsgrundlagen<\/h2>\n<p>Nach Ma\u00dfgabe des Artikels 13 DSGVO teilen wir Ihnen die Rechtsgrundlagen unserer Datenverarbeitungen mit. Sofern die Rechtsgrundlage in der Datenschutzerkl\u00e4rung nicht genannt wird, gilt Folgendes:<\/p>\n<ul>\n<li><strong>Artikel 6 Abs. 1 lit. a und Artikel 7 DSGVO<\/strong>: Rechtsgrundlage zur Einholung von Einwilligungen<\/li>\n<li><strong>Artikel 6 Abs. 1 lit. b DSGVO<\/strong>: Rechtsgrundlage f\u00fcr die Verarbeitung zur Erf\u00fcllung unserer Leistungen und Durchf\u00fchrung vertraglicher Ma\u00dfnahmen sowie Beantwortung von Anfragen<\/li>\n<li><strong>Artikel 6 Abs. 1 lit. c DSGVO: <\/strong>Rechtsgrundlage f\u00fcr die Verarbeitung zur Erf\u00fcllung unserer rechtlichen Verpflichtungen<\/li>\n<li><strong>Artikel 6 Abs. 1 lit. f DSGVO<\/strong>: Rechtsgrundlage f\u00fcr die Verarbeitung zur Wahrung unserer berechtigten Interessen<\/li>\n<\/ul>\n<p>F\u00fcr den Fall, dass lebenswichtige Interessen der betroffenen Person oder einer anderen nat\u00fcrlichen Person eine Verarbeitung personenbezogener Daten erforderlich machen, dient <strong>Artikel 6 Abs. 1 lit. d DSGVO<\/strong> als Rechtsgrundlage.<\/p>\n<h2>Sicherheitsma\u00dfnahmen<\/h2>\n<p>Wir m\u00f6chten Sie bitten, sich regelm\u00e4\u00dfig \u00fcber den Inhalt unserer Datenschutzerkl\u00e4rung zu informieren. Wir passen die Datenschutzerkl\u00e4rung fortlaufend an, sobald eine \u00c4nderungen der von uns durchgef\u00fchrten Datenverarbeitungen dies erforderlich macht. Wir informieren Sie, sofern Ihre Mitwirkung (z.\u2009B. Einwilligung) durch eine \u00c4nderungen oder eine sonstige individuelle Benachrichtigung erforderlich wird.<\/p>\n<h2>Zusammenarbeit mit Auftragsverarbeitern und Dritten<\/h2>\n<p>Sofern wir im Rahmen unserer Verarbeitung Daten gegen\u00fcber anderen Personen und Unternehmen (Auftragsverarbeitern oder Dritten) offenbaren, sie an diese \u00fcbermitteln oder ihnen sonst Zugriff auf die Daten gew\u00e4hren, erfolgt dies nur:<\/p>\n<ul>\n<li>auf Grundlage einer gesetzlichen Erlaubnis (z. B. wenn eine \u00dcbermittlung der Daten an Dritte, wie an Zahlungsdienstleister, gem. Art. 6 Abs. 1 lit. b DSGVO zur Vertragserf\u00fcllung erforderlich ist)<\/li>\n<li>Sie eingewilligt haben<\/li>\n<li>eine rechtliche Verpflichtung dies vorsieht<\/li>\n<li>auf Grundlage unserer berechtigten Interessen (z.\u2009B. beim Einsatz von Beauftragten, Webhostern, etc.)<\/li>\n<\/ul>\n<p>Sofern wir Dritte mit der Verarbeitung von Daten auf Grundlage eines sogenannten \u201eAuftragsverarbeitungsvertrages\u201c beauftragen, geschieht dies auf Grundlage des <strong>Artikels 28 DSGVO<\/strong>.<\/p>\n<h2>\u00dcbermittlungen in Drittl\u00e4nder<\/h2>\n<p>Sofern wir Daten in einem Drittland \u2013 d. h. au\u00dferhalb der Europ\u00e4ischen Union (EU) oder des Europ\u00e4ischen Wirtschaftsraums (EWR) \u2013 verarbeiten oder dies im Rahmen der Inanspruchnahme von Diensten Dritter oder Offenlegung, bzw. \u00dcbermittlung von Daten an Dritte geschieht, erfolgt dies nur, wenn:<\/p>\n<ul>\n<li>es zur Erf\u00fcllung unserer (vor-) vertraglichen Pflichten<\/li>\n<li>auf Grundlage Ihrer Einwilligung<\/li>\n<li>aufgrund einer rechtlichen Verpflichtung<\/li>\n<li>auf Grundlage unserer berechtigten Interessen geschieht<\/li>\n<\/ul>\n<p>Vorbehaltlich gesetzlicher oder vertraglicher Erlaubnisse, verarbeiten oder lassen wir die Daten in einem Drittland nur beim Vorliegen der besonderen Voraussetzungen der <strong>Artikel 44 ff. DSGVO<\/strong> verarbeiten. Das bedeutet, die Verarbeitung erfolgt z.\u2009B. auf Grundlage besonderer Garantien, wie der offiziell anerkannten Feststellung eines der EU entsprechenden Datenschutzniveaus (z.\u2009B. f\u00fcr die USA durch das \u201ePrivacy Shield\u201c) oder Beachtung offiziell anerkannter spezieller vertraglicher Verpflichtungen (so genannte \u201eStandardvertragsklauseln\u201c).<\/p>\n<h2>Rechte der betroffenen Personen<\/h2>\n<p>Sie haben das Recht, eine Best\u00e4tigung dar\u00fcber zu verlangen, ob betreffende Daten verarbeitet werden und auf Auskunft \u00fcber diese Daten sowie auf weitere Informationen und Kopie der Daten entsprechend <strong>Artikel 15 DSGVO<\/strong>.<\/p>\n<p>Sie haben entsprechend <strong>Artikel 16 DSGVO<\/strong> das Recht, die Vervollst\u00e4ndigung der Sie betreffenden Daten oder die Berichtigung der Sie betreffenden unrichtigen Daten zu verlangen.<\/p>\n<p>Sie haben nach Ma\u00dfgabe des <strong>Artikels 17 DSGVO<\/strong> das Recht zu verlangen, dass betreffende Daten unverz\u00fcglich gel\u00f6scht werden, bzw. alternativ nach Ma\u00dfgabe des <strong>Artikels 18 DSGVO<\/strong> eine Einschr\u00e4nkung der Verarbeitung der Daten zu verlangen.<\/p>\n<p>Sie haben das Recht zu verlangen, dass die Sie betreffenden Daten, die Sie uns bereitgestellt haben, nach Ma\u00dfgabe des <strong>Artikels 20 DSGVO<\/strong> zu erhalten und deren \u00dcbermittlung an andere Verantwortliche zu fordern.<\/p>\n<p>Sie haben ferner gem\u00e4\u00df <strong>Artikel 77 DSGVO<\/strong> das Recht, eine Beschwerde bei der zust\u00e4ndigen Unabh\u00e4ngigen Landeszentrale f\u00fcr Datenschutz Schleswig-Holstein, Holstenstra\u00dfe 98, 24103 Kiel\u00a0 einzureichen<\/p>\n<h2>Widerrufsrecht<\/h2>\n<p>Sie haben das Recht gem\u00e4\u00df <strong>Artikel 7 Abs. 3 DSGVO<\/strong>, Einwilligungen, die Sie uns erteilt haben, mit Wirkung f\u00fcr die Zukunft zu widerrufen.<\/p>\n<h2>Widerspruchsrecht<\/h2>\n<p>Sie k\u00f6nnen der k\u00fcnftigen Verarbeitung der Sie betreffenden Daten nach Ma\u00dfgabe des <strong>Artikels 21 DSGVO<\/strong> jederzeit widersprechen.<\/p>\n<h2>Cookies<\/h2>\n<p>Wir k\u00f6nnen tempor\u00e4re und permanente Cookies einsetzen und kl\u00e4ren hier\u00fcber im Rahmen unserer Datenschutzerkl\u00e4rung auf.<\/p>\n<p>Als \u201eCookies\u201c werden kleine Dateien bezeichnet, die auf den Rechnern der Nutzer gespeichert werden. Innerhalb der Cookies k\u00f6nnen unterschiedliche Angaben gespeichert werden. Ein Cookie dient prim\u00e4r dazu, die Angaben zu einem Nutzer (bzw. dem Ger\u00e4t auf dem das Cookie gespeichert ist) w\u00e4hrend oder auch nach seinem Besuch innerhalb eines Onlineangebotes zu speichern.<\/p>\n<p>Als <strong>tempor\u00e4re Cookies <\/strong>(auch \u201eSession-Cookies\u201c oder \u201etransiente Cookies\u201c genannt) werden Cookies bezeichnet, die gel\u00f6scht werden, nachdem ein Nutzer ein Onlineangebot verl\u00e4sst und seinen Browser schlie\u00dft.<br \/>Als <strong>permanente oder persistente Cookies<\/strong> werden solche bezeichnet, die auch nach dem Schlie\u00dfen des Browsers gespeichert bleiben.<br \/>Als <strong>Third-Party-Cookie<\/strong> werden Cookies bezeichnet, die von anderen Anbietern als dem Verantwortlichen, der das Onlineangebot betreibt, angeboten werden (andernfalls, wenn es nur dessen Cookies sind spricht man von \u201e<strong>First-Party Cookies<\/strong>\u201c).<\/p>\n<p>Falls Sie als Nutzer unseres Onlineangebots nicht m\u00f6chten, dass Cookies auf ihrem Rechner gespeichert werden, werden sie gebeten die entsprechende Option in den Systemeinstellungen ihres Browsers anzupassen. Gespeicherte Cookies k\u00f6nnen in den Systemeinstellungen eines Browsers gel\u00f6scht werden. Der Ausschluss von Cookies kann jedoch zu Funktionseinschr\u00e4nkungen dieses Onlineangebotes f\u00fchren.<\/p>\n<h2>L\u00f6schung von Daten<\/h2>\n<p>Die von uns verarbeiteten Daten werden nach Ma\u00dfgabe der <strong>Artikel 17 und 18 DSGVO<\/strong> gel\u00f6scht oder in ihrer Verarbeitung eingeschr\u00e4nkt. Sofern nicht im Rahmen dieser Datenschutzerkl\u00e4rung ausdr\u00fccklich angegeben, werden die bei uns gespeicherten Daten gel\u00f6scht, sobald sie f\u00fcr ihre Zweckbestimmung nicht mehr erforderlich sind und der L\u00f6schung keine gesetzlichen Aufbewahrungspflichten entgegenstehen. Sofern die Daten nicht gel\u00f6scht werden, weil sie f\u00fcr andere und gesetzlich zul\u00e4ssige Zwecke erforderlich sind, wird deren Verarbeitung eingeschr\u00e4nkt. Das hei\u00dft die Daten werden gesperrt und nicht f\u00fcr andere Zwecke verarbeitet. Das gilt z.\u2009B. f\u00fcr Daten, die aus handels- oder steuerrechtlichen Gr\u00fcnden aufbewahrt werden m\u00fcssen.<\/p>\n<p>Nach gesetzlichen Vorgaben in Deutschland, erfolgt die Aufbewahrung insbesondere f\u00fcr 10 Jahre gem\u00e4\u00df \u00a7\u00a7 147 Abs. 1 AO, 257 Abs. 1 Nr. 1 und 4, Abs. 4 HGB (B\u00fccher, Aufzeichnungen, Lageberichte, Buchungsbelege, Handelsb\u00fccher, f\u00fcr Besteuerung relevanter Unterlagen, etc.) und 6 Jahre gem\u00e4\u00df \u00a7 257 Abs. 1 Nr. 2 und 3, Abs. 4 HGB (Handelsbriefe).<\/p>\n<p>Nach gesetzlichen Vorgaben in \u00d6sterreich erfolgt die Aufbewahrung insbesondere f\u00fcr 7 Jahre gem\u00e4\u00df \u00a7 132 Abs. 1 BAO (Buchhaltungsunterlagen, Belege\/Rechnungen, Konten, Belege, Gesch\u00e4ftspapiere, Aufstellung der Einnahmen und Ausgaben, etc.), f\u00fcr 22 Jahre im Zusammenhang mit Grundst\u00fccken und f\u00fcr 10 Jahre bei Unterlagen im Zusammenhang mit elektronisch erbrachten Leistungen, Telekommunikations-, Rundfunk- und Fernsehleistungen, die an Nichtunternehmer in EU-Mitgliedstaaten erbracht werden und f\u00fcr die der Mini-One-Stop-Shop (MOSS) in Anspruch genommen wird.<\/p>\n<h2>Hosting<\/h2>\n<p>Die von uns in Anspruch genommenen Hosting-Leistungen dienen der Zurverf\u00fcgungstellung der folgenden Leistungen, die wir zum Zwecke des Betriebs dieses Onlineangebotes einsetzen:<\/p>\n<ul>\n<li>Infrastruktur- und Plattformdienstleistungen<\/li>\n<li>Rechenkapazit\u00e4t<\/li>\n<li>Speicherplatz und Datenbankdienste<\/li>\n<li>Sicherheitsleistungen sowie technische Wartungsleistungen<\/li>\n<\/ul>\n<p>Hierbei verarbeiten wir, bzw. unser Hostinganbieter Bestandsdaten, Kontaktdaten, Inhaltsdaten, Vertragsdaten, Nutzungsdaten, Meta- und Kommunikationsdaten von Kunden, Interessenten und Besuchern dieses Onlineangebotes auf Grundlage unserer berechtigten Interessen an einer effizienten und sicheren Zurverf\u00fcgungstellung dieses Onlineangebotes gem\u00e4\u00df <strong>Artikel 6 Abs. 1 lit. f DSGVO<\/strong> i. V. m. <strong>Artikel 28 DSGVO<\/strong> (Abschluss Auftragsverarbeitungsvertrag).<\/p>\n<h2>Erhebung von Zugriffsdaten und Logfiles<\/h2>\n<p>Wir, bzw. unser Hostinganbieter, erhebt auf Grundlage unserer berechtigten Interessen im Sinne des <strong>Artikels 6 Abs. 1 lit. f. DSGVO<\/strong> Daten \u00fcber jeden Zugriff auf den Server, auf dem sich dieser Dienst befindet (sogenannte Serverlogfiles). Zu den Zugriffsdaten geh\u00f6ren Name der abgerufenen Webseite, Datei, Datum und Uhrzeit des Abrufs, \u00fcbertragene Datenmenge, Meldung \u00fcber erfolgreichen Abruf, Browsertyp nebst Version, das Betriebssystem des Nutzers, Referrer URL (die zuvor besuchte Seite), IP-Adresse und der anfragende Provider.<\/p>\n<p>Die erhobenen Daten dienen lediglich statistischen Auswertungen und zur Verbesserung der Webseite. (z.\u2009B. dem Auffinden von Fehlern auf der Webseite). Wir behalten uns jedoch vor, die Serverlogfiles nachtr\u00e4glich zu \u00fcberpr\u00fcfen, sollten konkrete Anhaltspunkte auf eine rechtswidrige Nutzung hinweisen.<\/p>\n<h2>Administration, Finanzbuchhaltung, B\u00fcroorganisation, Kontaktverwaltung<\/h2>\n<p>Wir verarbeiten Daten im Rahmen von Verwaltungsaufgaben sowie Organisation unseres Betriebs, Finanzbuchhaltung und Befolgung der gesetzlichen Pflichten, wie z.\u2009B. der Archivierung. Hierbei verarbeiten wir dieselben Daten, die wir im Rahmen der Erbringung unserer vertraglichen Leistungen verarbeiten. Die Verarbeitungsgrundlagen sind <strong>Artikel 6 Abs. 1 lit. c. DSGVO<\/strong>, <strong>Artikel 6 Abs. 1 lit. f. DSGVO<\/strong>. Von der Verarbeitung sind Kunden, Interessenten, Gesch\u00e4ftspartner und Webseitenbesucher betroffen. Der Zweck und unser Interesse an der Verarbeitung liegt in der Administration, Finanzbuchhaltung, B\u00fcroorganisation, Archivierung von Daten, also Aufgaben die der Aufrechterhaltung unserer Gesch\u00e4ftst\u00e4tigkeiten, Wahrnehmung unserer Aufgaben und Erbringung unserer Leistungen dienen. Die L\u00f6schung der Daten im Hinblick auf vertragliche Leistungen und die vertragliche Kommunikation entspricht den, bei diesen Verarbeitungst\u00e4tigkeiten genannten Angaben.<\/p>\n<p>Wir offenbaren oder \u00fcbermitteln hierbei Daten an die Finanzverwaltung, Berater, wie z.\u2009B., Steuerberater oder Wirtschaftspr\u00fcfer sowie weitere Geb\u00fchrenstellen und Zahlungsdienstleister.<\/p>\n<p>Ferner speichern wir auf Grundlage unserer betriebswirtschaftlichen Interessen Angaben zu Lieferanten, Veranstaltern und sonstigen Gesch\u00e4ftspartnern, z.\u2009B. zwecks sp\u00e4terer Kontaktaufnahme. Diese mehrheitlich unternehmensbezogenen Daten, speichern wir grunds\u00e4tzlich dauerhaft.<\/p>\n<h2>Kontaktaufnahme<\/h2>\n<p>Bei der Kontaktaufnahme mit uns (z.\u2009B. per E-Mail oder Telefon) werden die Angaben des Nutzers zur Bearbeitung der Kontaktanfrage und deren Abwicklung gem\u00e4\u00df <strong>Artikel 6 Abs. 1 lit. b) DSGVO<\/strong> verarbeitet.<\/p>\n<p>Wir l\u00f6schen die Anfragen, sofern diese nicht mehr erforderlich sind. Wir \u00fcberpr\u00fcfen die Erforderlichkeit alle zwei Jahre; ferner gelten die gesetzlichen Archivierungspflichten.<\/p>\n\n\n<p><\/p>\n","protected":false},"excerpt":{"rendered":"<p>Diese Datenschutzerkl\u00e4rung kl\u00e4rt Sie \u00fcber die Art, den Umfang und Zweck der Verarbeitung von personenbezogenen Daten (nachfolgend kurz \u201eDaten\u201c) innerhalb unseres Onlineangebotes und der mit diesen verbundenen Webseiten, Funktionen und Inhalten auf (nachfolgend gemeinsam bezeichnet als \u201eOnlineangebot\u201c). Im Hinblick auf die verwendeten Begrifflichkeiten, wie z.\u2009B. \u201eVerarbeitung\u201c oder \u201eVerantwortlicher\u201c, verweisen wir auf die Definitionen im Artikel &hellip; <a href=\"https:\/\/www.tabactrennt.de\/webseite\/datenschutzerklaerung\/\" class=\"more-link\"><span class=\"screen-reader-text\">Datenschutzerkl\u00e4rung<\/span> weiterlesen<\/a><\/p>\n","protected":false},"author":1,"featured_media":0,"parent":0,"menu_order":0,"comment_status":"closed","ping_status":"closed","template":"","meta":[],"_links":{"self":[{"href":"https:\/\/www.tabactrennt.de\/webseite\/wp-json\/wp\/v2\/pages\/1146"}],"collection":[{"href":"https:\/\/www.tabactrennt.de\/webseite\/wp-json\/wp\/v2\/pages"}],"about":[{"href":"https:\/\/www.tabactrennt.de\/webseite\/wp-json\/wp\/v2\/types\/page"}],"author":[{"embeddable":true,"href":"https:\/\/www.tabactrennt.de\/webseite\/wp-json\/wp\/v2\/users\/1"}],"replies":[{"embeddable":true,"href":"https:\/\/www.tabactrennt.de\/webseite\/wp-json\/wp\/v2\/comments?post=1146"}],"version-history":[{"count":18,"href":"https:\/\/www.tabactrennt.de\/webseite\/wp-json\/wp\/v2\/pages\/1146\/revisions"}],"predecessor-version":[{"id":1829,"href":"https:\/\/www.tabactrennt.de\/webseite\/wp-json\/wp\/v2\/pages\/1146\/revisions\/1829"}],"wp:attachment":[{"href":"https:\/\/www.tabactrennt.de\/webseite\/wp-json\/wp\/v2\/media?parent=1146"}],"curies":[{"name":"wp","href":"https:\/\/api.w.org\/{rel}","templated":true}]}}